{"id":12,"date":"2026-02-03T07:26:42","date_gmt":"2026-02-03T07:26:42","guid":{"rendered":"https:\/\/lantiquaire.fr\/?page_id=12"},"modified":"2026-02-18T16:15:04","modified_gmt":"2026-02-18T16:15:04","slug":"la-carte","status":"publish","type":"page","link":"https:\/\/lantiquaire.fr\/index.php\/la-carte\/","title":{"rendered":"LA CARTE"},"content":{"rendered":"\t\t<div data-elementor-type=\"wp-page\" data-elementor-id=\"12\" class=\"elementor elementor-12\">\n\t\t\t\t<div class=\"elementor-element elementor-element-e498619 e-flex e-con-boxed e-con e-parent\" data-id=\"e498619\" data-element_type=\"container\" data-settings=\"{&quot;background_background&quot;:&quot;classic&quot;}\">\n\t\t\t\t\t<div class=\"e-con-inner\">\n\t\t\t\t<div class=\"elementor-element elementor-element-1e29f24 elementor-widget elementor-widget-heading\" data-id=\"1e29f24\" data-element_type=\"widget\" data-widget_type=\"heading.default\">\n\t\t\t\t\t<h2 class=\"elementor-heading-title elementor-size-default\">Notre Cuisine<\/h2>\t\t\t\t<\/div>\n\t\t\t\t<div class=\"elementor-element elementor-element-76bb8e8 elementor-widget elementor-widget-text-editor\" data-id=\"76bb8e8\" data-element_type=\"widget\" data-widget_type=\"text-editor.default\">\n\t\t\t\t\t\t\t\t\t<p>Une cuisine d&rsquo;instinct, guid\u00e9e par les arrivages hebdomadaire et l&rsquo;amour du temps \u00e0 passer pour obtenir des jus cors\u00e9, des sauces, et des cuissons justes. Notre carte change \u00e0 chaque service. La carte est issu des voyages et curiosit\u00e9s culinaires d\u00e9couverte par le chef.\u00a0<\/p>\t\t\t\t\t\t\t\t<\/div>\n\t\t\t\t\t<\/div>\n\t\t\t\t<\/div>\n\t\t<div class=\"elementor-element elementor-element-529e238 e-flex e-con-boxed e-con e-parent\" data-id=\"529e238\" data-element_type=\"container\" data-settings=\"{&quot;background_background&quot;:&quot;classic&quot;}\">\n\t\t\t\t\t<div class=\"e-con-inner\">\n\t\t<div class=\"elementor-element elementor-element-05b84ae e-con-full e-flex e-con e-child\" data-id=\"05b84ae\" data-element_type=\"container\">\n\t\t\t\t<div class=\"elementor-element elementor-element-cdce932 elementor-widget elementor-widget-image\" data-id=\"cdce932\" data-element_type=\"widget\" data-widget_type=\"image.default\">\n\t\t\t\t\t\t\t\t\t\t\t\t\t\t\t<img fetchpriority=\"high\" decoding=\"async\" width=\"768\" height=\"1024\" src=\"http:\/\/lantiquaire.fr\/wp-content\/uploads\/2026\/02\/1770536835508-scaled.jpg\" class=\"attachment-large size-large wp-image-261\" alt=\"\" \/>\t\t\t\t\t\t\t\t\t\t\t\t\t\t\t<\/div>\n\t\t\t\t<\/div>\n\t\t<div class=\"elementor-element elementor-element-62626e6 e-con-full e-flex e-con e-child\" data-id=\"62626e6\" data-element_type=\"container\">\n\t\t\t\t<div class=\"elementor-element elementor-element-b576031 elementor-widget elementor-widget-image\" data-id=\"b576031\" data-element_type=\"widget\" data-widget_type=\"image.default\">\n\t\t\t\t\t\t\t\t\t\t\t\t\t\t\t<img decoding=\"async\" width=\"768\" height=\"1024\" src=\"http:\/\/lantiquaire.fr\/wp-content\/uploads\/2026\/02\/1770536835408-scaled.jpg\" class=\"attachment-large size-large wp-image-285\" alt=\"\" \/>\t\t\t\t\t\t\t\t\t\t\t\t\t\t\t<\/div>\n\t\t\t\t<\/div>\n\t\t<div class=\"elementor-element elementor-element-ded4390 e-con-full e-flex e-con e-child\" data-id=\"ded4390\" data-element_type=\"container\">\n\t\t\t\t<div class=\"elementor-element elementor-element-e14cd00 elementor-widget elementor-widget-image\" data-id=\"e14cd00\" data-element_type=\"widget\" data-widget_type=\"image.default\">\n\t\t\t\t\t\t\t\t\t\t\t\t\t\t\t<img decoding=\"async\" width=\"768\" height=\"1024\" src=\"http:\/\/lantiquaire.fr\/wp-content\/uploads\/2026\/02\/1770536835937-scaled.jpg\" class=\"attachment-large size-large wp-image-279\" alt=\"\" \/>\t\t\t\t\t\t\t\t\t\t\t\t\t\t\t<\/div>\n\t\t\t\t<\/div>\n\t\t<div class=\"elementor-element elementor-element-08683d1 e-con-full e-flex e-con e-child\" data-id=\"08683d1\" data-element_type=\"container\">\n\t\t\t\t<div class=\"elementor-element elementor-element-1e41ed0 elementor-widget elementor-widget-image\" data-id=\"1e41ed0\" data-element_type=\"widget\" data-widget_type=\"image.default\">\n\t\t\t\t\t\t\t\t\t\t\t\t\t\t\t<img loading=\"lazy\" decoding=\"async\" width=\"768\" height=\"1024\" src=\"http:\/\/lantiquaire.fr\/wp-content\/uploads\/2026\/02\/1770536835903-scaled.jpg\" class=\"attachment-large size-large wp-image-277\" alt=\"\" \/>\t\t\t\t\t\t\t\t\t\t\t\t\t\t\t<\/div>\n\t\t\t\t<\/div>\n\t\t\t\t\t<\/div>\n\t\t\t\t<\/div>\n\t\t<div class=\"elementor-element elementor-element-5595cb8 e-con-full e-flex e-con e-parent\" data-id=\"5595cb8\" data-element_type=\"container\" data-settings=\"{&quot;background_background&quot;:&quot;classic&quot;}\">\n\t\t<div class=\"elementor-element elementor-element-5f40bbb e-con-full e-flex e-con e-child\" data-id=\"5f40bbb\" data-element_type=\"container\">\n\t\t\t\t<div class=\"elementor-element elementor-element-9d141f0 elementor-widget elementor-widget-heading\" data-id=\"9d141f0\" data-element_type=\"widget\" data-widget_type=\"heading.default\">\n\t\t\t\t\t<h2 class=\"elementor-heading-title elementor-size-default\">Un Chef Autodidacte passionn\u00e9 <\/h2>\t\t\t\t<\/div>\n\t\t\t\t<\/div>\n\t\t<div class=\"elementor-element elementor-element-61d290c e-con-full e-flex e-con e-child\" data-id=\"61d290c\" data-element_type=\"container\">\n\t\t\t\t<\/div>\n\t\t<div class=\"elementor-element elementor-element-9d86464 e-con-full e-flex e-con e-child\" data-id=\"9d86464\" data-element_type=\"container\">\n\t\t\t\t<div class=\"elementor-element elementor-element-5af398a elementor-widget elementor-widget-image\" data-id=\"5af398a\" data-element_type=\"widget\" data-widget_type=\"image.default\">\n\t\t\t\t\t\t\t\t\t\t\t\t\t\t\t<img loading=\"lazy\" decoding=\"async\" width=\"1024\" height=\"682\" src=\"http:\/\/lantiquaire.fr\/wp-content\/uploads\/2026\/02\/side-view-mushroom-frying-with-stove-fire-human-hand-pan-scaled.jpg\" class=\"attachment-large size-large wp-image-113\" alt=\"\" \/>\t\t\t\t\t\t\t\t\t\t\t\t\t\t\t<\/div>\n\t\t\t\t<\/div>\n\t\t<div class=\"elementor-element elementor-element-e2321b4 e-con-full e-flex e-con e-child\" data-id=\"e2321b4\" data-element_type=\"container\">\n\t\t\t\t<div class=\"elementor-element elementor-element-79a1f16 elementor-widget__width-initial elementor-widget elementor-widget-text-editor\" data-id=\"79a1f16\" data-element_type=\"widget\" data-widget_type=\"text-editor.default\">\n\t\t\t\t\t\t\t\t\t<p>Simon LECOMTE grandit dans les hautes c\u00f4tes de beaune, il passe son enfance au milieu de la cuisine avec sa m\u00e8re. regarde les gestes. part en vacances chez son oncle, lui aussi cuisinier autodidacte, au milieu des cevennes, l\u00e0 ou la terre necessite la main de l&rsquo;homme pour donner. Il voyage, rencontre son \u00e9pouse lyonnaise et rentre en bourgogne pour \u00e9crire et dresser sa vision d&rsquo;une cuisine vivante et g\u00e9n\u00e9reuse. c&rsquo;est aujourd&rsquo;hui en famille, entour\u00e9 des siens que l&rsquo;histoire de ce restaurant s&rsquo;\u00e9crit&#8230;<\/p>\t\t\t\t\t\t\t\t<\/div>\n\t\t\t\t<\/div>\n\t\t\t\t<\/div>\n\t\t<div class=\"elementor-element elementor-element-48c8b87 e-flex e-con-boxed e-con e-parent\" data-id=\"48c8b87\" data-element_type=\"container\" data-settings=\"{&quot;background_background&quot;:&quot;classic&quot;}\">\n\t\t\t\t\t<div class=\"e-con-inner\">\n\t\t\t\t<div class=\"elementor-element elementor-element-28cac90 elementor-widget elementor-widget-heading\" data-id=\"28cac90\" data-element_type=\"widget\" data-widget_type=\"heading.default\">\n\t\t\t\t\t<h2 class=\"elementor-heading-title elementor-size-default\">Vins - Cidres - Spiritueux - Bi\u00e8res et sans alcools<\/h2>\t\t\t\t<\/div>\n\t\t\t\t<div class=\"elementor-element elementor-element-7eef4d3 elementor-widget elementor-widget-text-editor\" data-id=\"7eef4d3\" data-element_type=\"widget\" data-widget_type=\"text-editor.default\">\n\t\t\t\t\t\t\t\t\t<p>L&rsquo;accord avec notre cuisine est essentiel. La boisson se veux \u00eatre le trait d&rsquo;union entre justesse et \u00e9quilibre. Avec plus de 700 r\u00e9f\u00e9rences en cave, nous avons \u00e0 coeur de vous faire d\u00e9couvrir des vins m\u00e9connues, des cidres de terroir, des bi\u00e8res passionn\u00e9s ou encore des spiritueux d&rsquo;exception.<\/p>\t\t\t\t\t\t\t\t<\/div>\n\t\t\t\t\t<\/div>\n\t\t\t\t<\/div>\n\t\t<div class=\"elementor-element elementor-element-c03bd29 e-flex e-con-boxed e-con e-parent\" data-id=\"c03bd29\" data-element_type=\"container\" data-settings=\"{&quot;background_background&quot;:&quot;classic&quot;}\">\n\t\t\t\t\t<div class=\"e-con-inner\">\n\t\t\t\t<div class=\"elementor-element elementor-element-0f7cdd3 elementor-arrows-position-inside elementor-pagination-position-outside elementor-widget elementor-widget-image-carousel\" data-id=\"0f7cdd3\" data-element_type=\"widget\" data-settings=\"{&quot;slides_to_show&quot;:&quot;1&quot;,&quot;effect&quot;:&quot;fade&quot;,&quot;navigation&quot;:&quot;both&quot;,&quot;autoplay&quot;:&quot;yes&quot;,&quot;pause_on_hover&quot;:&quot;yes&quot;,&quot;pause_on_interaction&quot;:&quot;yes&quot;,&quot;autoplay_speed&quot;:5000,&quot;infinite&quot;:&quot;yes&quot;,&quot;speed&quot;:500}\" data-widget_type=\"image-carousel.default\">\n\t\t\t\t\t\t\t<div class=\"elementor-image-carousel-wrapper swiper\" role=\"region\" aria-roledescription=\"carousel\" aria-label=\"Carrousel d\u2019images\" dir=\"ltr\">\n\t\t\t<div class=\"elementor-image-carousel swiper-wrapper\" aria-live=\"off\">\n\t\t\t\t\t\t\t\t<div class=\"swiper-slide\" role=\"group\" aria-roledescription=\"slide\" aria-label=\"1 sur 2\"><figure class=\"swiper-slide-inner\"><img decoding=\"async\" class=\"swiper-slide-image\" src=\"http:\/\/lantiquaire.fr\/wp-content\/uploads\/elementor\/thumbs\/1770536835920-1-scaled-rivegw4ppzdl45yapqou27fb2u9nwe3zryp0en42ao.jpg\" alt=\"1770536835920\" \/><\/figure><\/div><div class=\"swiper-slide\" role=\"group\" aria-roledescription=\"slide\" aria-label=\"2 sur 2\"><figure class=\"swiper-slide-inner\"><img decoding=\"async\" class=\"swiper-slide-image\" src=\"http:\/\/lantiquaire.fr\/wp-content\/uploads\/elementor\/thumbs\/1770468330420-risz5i6ulgbf5bwbvztgofg30vmgrl2xln3a8fueg0.jpg\" alt=\"1770468330420\" \/><\/figure><\/div>\t\t\t<\/div>\n\t\t\t\t\t\t\t\t\t\t\t\t<div class=\"elementor-swiper-button elementor-swiper-button-prev\" role=\"button\" tabindex=\"0\">\n\t\t\t\t\t\t<svg aria-hidden=\"true\" class=\"e-font-icon-svg e-eicon-chevron-left\" viewBox=\"0 0 1000 1000\" xmlns=\"http:\/\/www.w3.org\/2000\/svg\"><path d=\"M646 125C629 125 613 133 604 142L308 442C296 454 292 471 292 487 292 504 296 521 308 533L604 854C617 867 629 875 646 875 663 875 679 871 692 858 704 846 713 829 713 812 713 796 708 779 692 767L438 487 692 225C700 217 708 204 708 187 708 171 704 154 692 142 675 129 663 125 646 125Z\"><\/path><\/svg>\t\t\t\t\t<\/div>\n\t\t\t\t\t<div class=\"elementor-swiper-button elementor-swiper-button-next\" role=\"button\" tabindex=\"0\">\n\t\t\t\t\t\t<svg aria-hidden=\"true\" class=\"e-font-icon-svg e-eicon-chevron-right\" viewBox=\"0 0 1000 1000\" xmlns=\"http:\/\/www.w3.org\/2000\/svg\"><path d=\"M696 533C708 521 713 504 713 487 713 471 708 454 696 446L400 146C388 133 375 125 354 125 338 125 325 129 313 142 300 154 292 171 292 187 292 204 296 221 308 233L563 492 304 771C292 783 288 800 288 817 288 833 296 850 308 863 321 871 338 875 354 875 371 875 388 867 400 854L696 533Z\"><\/path><\/svg>\t\t\t\t\t<\/div>\n\t\t\t\t\n\t\t\t\t\t\t\t\t\t<div class=\"swiper-pagination\"><\/div>\n\t\t\t\t\t\t\t\t\t<\/div>\n\t\t\t\t\t\t<\/div>\n\t\t\t\t\t<\/div>\n\t\t\t\t<\/div>\n\t\t\t\t<\/div>\n\t\t","protected":false},"excerpt":{"rendered":"<p>Notre Cuisine Une cuisine d&rsquo;instinct, guid\u00e9e par les arrivages hebdomadaire et l&rsquo;amour du temps \u00e0 passer pour obtenir des jus [&hellip;]<\/p>\n","protected":false},"author":1,"featured_media":0,"parent":0,"menu_order":0,"comment_status":"closed","ping_status":"closed","template":"","meta":{"site-sidebar-layout":"no-sidebar","site-content-layout":"","ast-site-content-layout":"full-width-container","site-content-style":"default","site-sidebar-style":"default","ast-global-header-display":"","ast-banner-title-visibility":"","ast-main-header-display":"","ast-hfb-above-header-display":"","ast-hfb-below-header-display":"","ast-hfb-mobile-header-display":"","site-post-title":"","ast-breadcrumbs-content":"","ast-featured-img":"disabled","footer-sml-layout":"","ast-disable-related-posts":"","theme-transparent-header-meta":"","adv-header-id-meta":"","stick-header-meta":"","header-above-stick-meta":"","header-main-stick-meta":"","header-below-stick-meta":"","astra-migrate-meta-layouts":"default","ast-page-background-enabled":"default","ast-page-background-meta":{"desktop":{"background-color":"var(--ast-global-color-5)","background-image":"","background-repeat":"repeat","background-position":"center center","background-size":"auto","background-attachment":"scroll","background-type":"","background-media":"","overlay-type":"","overlay-color":"","overlay-opacity":"","overlay-gradient":""},"tablet":{"background-color":"","background-image":"","background-repeat":"repeat","background-position":"center center","background-size":"auto","background-attachment":"scroll","background-type":"","background-media":"","overlay-type":"","overlay-color":"","overlay-opacity":"","overlay-gradient":""},"mobile":{"background-color":"","background-image":"","background-repeat":"repeat","background-position":"center center","background-size":"auto","background-attachment":"scroll","background-type":"","background-media":"","overlay-type":"","overlay-color":"","overlay-opacity":"","overlay-gradient":""}},"ast-content-background-meta":{"desktop":{"background-color":"var(--ast-global-color-4)","background-image":"","background-repeat":"repeat","background-position":"center center","background-size":"auto","background-attachment":"scroll","background-type":"","background-media":"","overlay-type":"","overlay-color":"","overlay-opacity":"","overlay-gradient":""},"tablet":{"background-color":"var(--ast-global-color-4)","background-image":"","background-repeat":"repeat","background-position":"center center","background-size":"auto","background-attachment":"scroll","background-type":"","background-media":"","overlay-type":"","overlay-color":"","overlay-opacity":"","overlay-gradient":""},"mobile":{"background-color":"var(--ast-global-color-4)","background-image":"","background-repeat":"repeat","background-position":"center center","background-size":"auto","background-attachment":"scroll","background-type":"","background-media":"","overlay-type":"","overlay-color":"","overlay-opacity":"","overlay-gradient":""}},"footnotes":""},"class_list":["post-12","page","type-page","status-publish","hentry"],"_links":{"self":[{"href":"https:\/\/lantiquaire.fr\/index.php\/wp-json\/wp\/v2\/pages\/12","targetHints":{"allow":["GET"]}}],"collection":[{"href":"https:\/\/lantiquaire.fr\/index.php\/wp-json\/wp\/v2\/pages"}],"about":[{"href":"https:\/\/lantiquaire.fr\/index.php\/wp-json\/wp\/v2\/types\/page"}],"author":[{"embeddable":true,"href":"https:\/\/lantiquaire.fr\/index.php\/wp-json\/wp\/v2\/users\/1"}],"replies":[{"embeddable":true,"href":"https:\/\/lantiquaire.fr\/index.php\/wp-json\/wp\/v2\/comments?post=12"}],"version-history":[{"count":44,"href":"https:\/\/lantiquaire.fr\/index.php\/wp-json\/wp\/v2\/pages\/12\/revisions"}],"predecessor-version":[{"id":939,"href":"https:\/\/lantiquaire.fr\/index.php\/wp-json\/wp\/v2\/pages\/12\/revisions\/939"}],"wp:attachment":[{"href":"https:\/\/lantiquaire.fr\/index.php\/wp-json\/wp\/v2\/media?parent=12"}],"curies":[{"name":"wp","href":"https:\/\/api.w.org\/{rel}","templated":true}]}}