{"id":18,"date":"2026-02-03T07:27:54","date_gmt":"2026-02-03T07:27:54","guid":{"rendered":"https:\/\/lantiquaire.fr\/?page_id=18"},"modified":"2026-02-18T16:55:32","modified_gmt":"2026-02-18T16:55:32","slug":"mariage","status":"publish","type":"page","link":"https:\/\/lantiquaire.fr\/index.php\/mariage\/","title":{"rendered":"Mariage"},"content":{"rendered":"\t\t<div data-elementor-type=\"wp-page\" data-elementor-id=\"18\" class=\"elementor elementor-18\">\n\t\t\t\t<div class=\"elementor-element elementor-element-8d5439c e-flex e-con-boxed e-con e-parent\" data-id=\"8d5439c\" data-element_type=\"container\">\n\t\t\t\t\t<div class=\"e-con-inner\">\n\t\t\t\t<div class=\"elementor-element elementor-element-89e3d16 elementor-widget elementor-widget-heading\" data-id=\"89e3d16\" data-element_type=\"widget\" data-widget_type=\"heading.default\">\n\t\t\t\t\t<h1 class=\"elementor-heading-title elementor-size-default\">Se marier autour du feu, se dire OUI au coeur du vivant<\/h1>\t\t\t\t<\/div>\n\t\t\t\t\t<\/div>\n\t\t\t\t<\/div>\n\t\t<div class=\"elementor-element elementor-element-0c012c8 e-flex e-con-boxed e-con e-parent\" data-id=\"0c012c8\" data-element_type=\"container\">\n\t\t\t\t\t<div class=\"e-con-inner\">\n\t\t\t\t<div class=\"elementor-element elementor-element-145db1f elementor-widget elementor-widget-text-editor\" data-id=\"145db1f\" data-element_type=\"widget\" data-widget_type=\"text-editor.default\">\n\t\t\t\t\t\t\t\t\t<div dir=\"auto\"><span style=\"font-size: 1rem;\">Le verger pour d\u00e9cor.<\/span><\/div>\n<div dir=\"auto\">Le feu qui cr\u00e9pite lorsque le jour tombe.<\/div>\n<div dir=\"auto\">Un mariage \u00e0 L\u2019Antiquaire est \u00e0 taille humaine, s<span style=\"font-size: 1rem;\">inc\u00e8re, c<\/span><span style=\"font-size: 1rem;\">haleureux.<\/span><\/div>\n<div dir=\"auto\"><br><\/div>\n<div dir=\"auto\">Nous imaginons avec vous un moment qui vous ressemble :<\/div>\n<div dir=\"auto\">\u00e9l\u00e9gant sans \u00eatre fig\u00e9, g\u00e9n\u00e9reux sans \u00eatre ostentatoire.<\/div>\n<div dir=\"auto\">Du premier verre partag\u00e9 jusqu\u2019\u00e0 la derni\u00e8re danse sous les lumi\u00e8res,&nbsp;<span style=\"font-size: 1rem;\">nous veillons \u00e0 chaque d\u00e9tail.<\/span><\/div>\n<div dir=\"auto\">Un Mariage \u00e9l\u00e9gant et authentique<\/div>\t\t\t\t\t\t\t\t<\/div>\n\t\t\t\t\t<\/div>\n\t\t\t\t<\/div>\n\t\t<div class=\"elementor-element elementor-element-4786740 e-flex e-con-boxed e-con e-parent\" data-id=\"4786740\" data-element_type=\"container\" data-settings=\"{&quot;background_background&quot;:&quot;classic&quot;}\">\n\t\t\t\t\t<div class=\"e-con-inner\">\n\t\t\t\t<div class=\"elementor-element elementor-element-1369d2f elementor-widget elementor-widget-image\" data-id=\"1369d2f\" data-element_type=\"widget\" data-widget_type=\"image.default\">\n\t\t\t\t\t\t\t\t\t\t\t\t\t\t\t<img fetchpriority=\"high\" decoding=\"async\" width=\"768\" height=\"1024\" src=\"http:\/\/lantiquaire.fr\/wp-content\/uploads\/2026\/02\/1770536835632-scaled.jpg\" class=\"attachment-large size-large wp-image-268\" alt=\"\" \/>\t\t\t\t\t\t\t\t\t\t\t\t\t\t\t<\/div>\n\t\t\t\t\t<\/div>\n\t\t\t\t<\/div>\n\t\t<div class=\"elementor-element elementor-element-99a7580 e-con-full e-flex e-con e-parent\" data-id=\"99a7580\" data-element_type=\"container\">\n\t\t<div class=\"elementor-element elementor-element-37a73b1 e-con-full e-flex e-con e-child\" data-id=\"37a73b1\" data-element_type=\"container\">\n\t\t\t\t<div class=\"elementor-element elementor-element-846f646 elementor-widget elementor-widget-heading\" data-id=\"846f646\" data-element_type=\"widget\" data-widget_type=\"heading.default\">\n\t\t\t\t\t<h2 class=\"elementor-heading-title elementor-size-default\">L'Exp\u00e9rience compl\u00e8te<\/h2>\t\t\t\t<\/div>\n\t\t\t\t<div class=\"elementor-element elementor-element-5182504 elementor-widget elementor-widget-text-editor\" data-id=\"5182504\" data-element_type=\"widget\" data-widget_type=\"text-editor.default\">\n\t\t\t\t\t\t\t\t\t<div dir=\"auto\"><div dir=\"auto\">La c\u00e9r\u00e9monie se d\u00e9roule dans le verger.<\/div><div dir=\"auto\">Le cocktail se prolonge \u00e0 la lumi\u00e8re du cr\u00e9puscule.<\/div><div dir=\"auto\">\u00a0<\/div><div dir=\"auto\">Le d\u00eener se tient sous la tonnelle<span style=\"font-size: 1rem;\">\u00a0dans une ambiance intime, baign\u00e9e de douce lumi\u00e8re.<\/span><\/div><div dir=\"auto\"><span style=\"font-size: 1rem;\">\u00a0<\/span><\/div><div dir=\"auto\">Le lendemain, un brunch vivant prolonge le moment.<\/div><\/div>\t\t\t\t\t\t\t\t<\/div>\n\t\t\t\t<\/div>\n\t\t<div class=\"elementor-element elementor-element-ee5beb1 e-con-full e-flex e-con e-child\" data-id=\"ee5beb1\" data-element_type=\"container\">\n\t\t\t\t<div class=\"elementor-element elementor-element-aa3cbae elementor-widget elementor-widget-heading\" data-id=\"aa3cbae\" data-element_type=\"widget\" data-widget_type=\"heading.default\">\n\t\t\t\t\t<h2 class=\"elementor-heading-title elementor-size-default\">Capacit\u00e9 &amp; Organisation<\/h2>\t\t\t\t<\/div>\n\t\t\t\t<div class=\"elementor-element elementor-element-96db1f7 elementor-widget elementor-widget-text-editor\" data-id=\"96db1f7\" data-element_type=\"widget\" data-widget_type=\"text-editor.default\">\n\t\t\t\t\t\t\t\t\t<div dir=\"auto\">Sur un, deux ou trois jours.<br \/><br \/><\/div><div dir=\"auto\"><span style=\"font-size: 1rem;\">Nous accueillons votre mariage j<\/span><span style=\"font-size: 1rem;\">usqu\u2019\u00e0 120 invit\u00e9s en d\u00eener assis<\/span><\/div><div dir=\"auto\">\u00a0<\/div><div dir=\"auto\">Brunch possible le lendemain<br \/><span style=\"font-size: 1rem;\"><br \/><\/span><br \/><span style=\"font-size: 1rem;\">Equipe d\u00e9di\u00e9e et coordination sur place possible<\/span><\/div>\t\t\t\t\t\t\t\t<\/div>\n\t\t\t\t<\/div>\n\t\t<div class=\"elementor-element elementor-element-0fc99d1 e-con-full e-flex e-con e-child\" data-id=\"0fc99d1\" data-element_type=\"container\">\n\t\t\t\t<div class=\"elementor-element elementor-element-e6fa975 elementor-widget elementor-widget-heading\" data-id=\"e6fa975\" data-element_type=\"widget\" data-widget_type=\"heading.default\">\n\t\t\t\t\t<h2 class=\"elementor-heading-title elementor-size-default\">Notre Signature<\/h2>\t\t\t\t<\/div>\n\t\t\t\t<div class=\"elementor-element elementor-element-d0fd9a4 elementor-widget elementor-widget-text-editor\" data-id=\"d0fd9a4\" data-element_type=\"widget\" data-widget_type=\"text-editor.default\">\n\t\t\t\t\t\t\t\t\t<div dir=\"auto\"><div dir=\"auto\">Le Mariage entre le feu, la nuit et les lumi\u00e8res.<\/div><div dir=\"auto\">Nous aimons faire de votre mariage un moment inspirant, hors du temps.<\/div><div dir=\"auto\">\u00a0<\/div><div dir=\"auto\">Etre cr\u00e9ateur et passeur de jolies souvenirs<\/div><div dir=\"auto\"><span style=\"font-size: 1rem;\">\u00a0<\/span><\/div><div dir=\"auto\"><span style=\"font-size: 1rem;\">Chaque mariage est con\u00e7u pour refl\u00e9ter votre histoire, avec authenticit\u00e9 et \u00e9l\u00e9gance.<\/span><\/div><div dir=\"auto\"><span style=\"font-size: 1rem;\">\u00a0<\/span><\/div><\/div>\t\t\t\t\t\t\t\t<\/div>\n\t\t\t\t<\/div>\n\t\t\t\t<\/div>\n\t\t<div class=\"elementor-element elementor-element-d53d668 e-flex e-con-boxed e-con e-parent\" data-id=\"d53d668\" data-element_type=\"container\" data-settings=\"{&quot;background_background&quot;:&quot;classic&quot;}\">\n\t\t\t\t\t<div class=\"e-con-inner\">\n\t\t\t\t<div class=\"elementor-element elementor-element-d44f298 elementor-widget elementor-widget-text-editor\" data-id=\"d44f298\" data-element_type=\"widget\" data-widget_type=\"text-editor.default\">\n\t\t\t\t\t\t\t\t\t<div dir=\"auto\"><div dir=\"auto\"><div dir=\"auto\">Chaque mariage commence par une rencontre.<\/div><div dir=\"auto\">Racontez-nous votre projet via le formulaire ci-dessous.<\/div><\/div><\/div>\t\t\t\t\t\t\t\t<\/div>\n\t\t\t\t\t<\/div>\n\t\t\t\t<\/div>\n\t\t<div class=\"elementor-element elementor-element-ac3fad2 e-flex e-con-boxed e-con e-parent\" data-id=\"ac3fad2\" data-element_type=\"container\">\n\t\t\t\t\t<div class=\"e-con-inner\">\n\t\t\t\t<div class=\"elementor-element elementor-element-34e8bb1 elementor-align-center elementor-widget elementor-widget-button\" data-id=\"34e8bb1\" data-element_type=\"widget\" data-widget_type=\"button.default\">\n\t\t\t\t\t\t\t\t\t\t<a class=\"elementor-button elementor-button-link elementor-size-sm\" href=\"mailto:antiquaire71@gmail.com\">\n\t\t\t\t\t\t<span class=\"elementor-button-content-wrapper\">\n\t\t\t\t\t\t<span class=\"elementor-button-icon\">\n\t\t\t\t<svg aria-hidden=\"true\" class=\"e-font-icon-svg e-fas-mail-bulk\" viewBox=\"0 0 576 512\" xmlns=\"http:\/\/www.w3.org\/2000\/svg\"><path d=\"M160 448c-25.6 0-51.2-22.4-64-32-64-44.8-83.2-60.8-96-70.4V480c0 17.67 14.33 32 32 32h256c17.67 0 32-14.33 32-32V345.6c-12.8 9.6-32 25.6-96 70.4-12.8 9.6-38.4 32-64 32zm128-192H32c-17.67 0-32 14.33-32 32v16c25.6 19.2 22.4 19.2 115.2 86.4 9.6 6.4 28.8 25.6 44.8 25.6s35.2-19.2 44.8-22.4c92.8-67.2 89.6-67.2 115.2-86.4V288c0-17.67-14.33-32-32-32zm256-96H224c-17.67 0-32 14.33-32 32v32h96c33.21 0 60.59 25.42 63.71 57.82l.29-.22V416h192c17.67 0 32-14.33 32-32V192c0-17.67-14.33-32-32-32zm-32 128h-64v-64h64v64zm-352-96c0-35.29 28.71-64 64-64h224V32c0-17.67-14.33-32-32-32H96C78.33 0 64 14.33 64 32v192h96v-32z\"><\/path><\/svg>\t\t\t<\/span>\n\t\t\t\t\t\t\t\t\t<span class=\"elementor-button-text\">Nous raconter votre histoire<\/span>\n\t\t\t\t\t<\/span>\n\t\t\t\t\t<\/a>\n\t\t\t\t\t\t\t\t<\/div>\n\t\t\t\t\t<\/div>\n\t\t\t\t<\/div>\n\t\t\t\t<\/div>\n\t\t","protected":false},"excerpt":{"rendered":"<p>Se marier autour du feu, se dire OUI au coeur du vivant Le verger pour d\u00e9cor. Le feu qui cr\u00e9pite [&hellip;]<\/p>\n","protected":false},"author":1,"featured_media":0,"parent":0,"menu_order":0,"comment_status":"closed","ping_status":"closed","template":"","meta":{"site-sidebar-layout":"no-sidebar","site-content-layout":"","ast-site-content-layout":"full-width-container","site-content-style":"default","site-sidebar-style":"default","ast-global-header-display":"","ast-banner-title-visibility":"","ast-main-header-display":"","ast-hfb-above-header-display":"","ast-hfb-below-header-display":"","ast-hfb-mobile-header-display":"","site-post-title":"","ast-breadcrumbs-content":"","ast-featured-img":"disabled","footer-sml-layout":"","ast-disable-related-posts":"","theme-transparent-header-meta":"","adv-header-id-meta":"","stick-header-meta":"","header-above-stick-meta":"","header-main-stick-meta":"","header-below-stick-meta":"","astra-migrate-meta-layouts":"default","ast-page-background-enabled":"default","ast-page-background-meta":{"desktop":{"background-color":"var(--ast-global-color-5)","background-image":"","background-repeat":"repeat","background-position":"center center","background-size":"auto","background-attachment":"scroll","background-type":"","background-media":"","overlay-type":"","overlay-color":"","overlay-opacity":"","overlay-gradient":""},"tablet":{"background-color":"","background-image":"","background-repeat":"repeat","background-position":"center center","background-size":"auto","background-attachment":"scroll","background-type":"","background-media":"","overlay-type":"","overlay-color":"","overlay-opacity":"","overlay-gradient":""},"mobile":{"background-color":"","background-image":"","background-repeat":"repeat","background-position":"center center","background-size":"auto","background-attachment":"scroll","background-type":"","background-media":"","overlay-type":"","overlay-color":"","overlay-opacity":"","overlay-gradient":""}},"ast-content-background-meta":{"desktop":{"background-color":"var(--ast-global-color-4)","background-image":"","background-repeat":"repeat","background-position":"center center","background-size":"auto","background-attachment":"scroll","background-type":"","background-media":"","overlay-type":"","overlay-color":"","overlay-opacity":"","overlay-gradient":""},"tablet":{"background-color":"var(--ast-global-color-4)","background-image":"","background-repeat":"repeat","background-position":"center center","background-size":"auto","background-attachment":"scroll","background-type":"","background-media":"","overlay-type":"","overlay-color":"","overlay-opacity":"","overlay-gradient":""},"mobile":{"background-color":"var(--ast-global-color-4)","background-image":"","background-repeat":"repeat","background-position":"center center","background-size":"auto","background-attachment":"scroll","background-type":"","background-media":"","overlay-type":"","overlay-color":"","overlay-opacity":"","overlay-gradient":""}},"footnotes":""},"class_list":["post-18","page","type-page","status-publish","hentry"],"_links":{"self":[{"href":"https:\/\/lantiquaire.fr\/index.php\/wp-json\/wp\/v2\/pages\/18","targetHints":{"allow":["GET"]}}],"collection":[{"href":"https:\/\/lantiquaire.fr\/index.php\/wp-json\/wp\/v2\/pages"}],"about":[{"href":"https:\/\/lantiquaire.fr\/index.php\/wp-json\/wp\/v2\/types\/page"}],"author":[{"embeddable":true,"href":"https:\/\/lantiquaire.fr\/index.php\/wp-json\/wp\/v2\/users\/1"}],"replies":[{"embeddable":true,"href":"https:\/\/lantiquaire.fr\/index.php\/wp-json\/wp\/v2\/comments?post=18"}],"version-history":[{"count":18,"href":"https:\/\/lantiquaire.fr\/index.php\/wp-json\/wp\/v2\/pages\/18\/revisions"}],"predecessor-version":[{"id":959,"href":"https:\/\/lantiquaire.fr\/index.php\/wp-json\/wp\/v2\/pages\/18\/revisions\/959"}],"wp:attachment":[{"href":"https:\/\/lantiquaire.fr\/index.php\/wp-json\/wp\/v2\/media?parent=18"}],"curies":[{"name":"wp","href":"https:\/\/api.w.org\/{rel}","templated":true}]}}