{"id":722,"date":"2026-02-08T18:32:33","date_gmt":"2026-02-08T18:32:33","guid":{"rendered":"https:\/\/lantiquaire.fr\/?page_id=722"},"modified":"2026-02-18T17:01:15","modified_gmt":"2026-02-18T17:01:15","slug":"chef-prive","status":"publish","type":"page","link":"https:\/\/lantiquaire.fr\/index.php\/chef-prive\/","title":{"rendered":"Traiteur"},"content":{"rendered":"\t\t<div data-elementor-type=\"wp-page\" data-elementor-id=\"722\" class=\"elementor elementor-722\">\n\t\t\t\t<div class=\"elementor-element elementor-element-1850721 e-flex e-con-boxed e-con e-parent\" data-id=\"1850721\" data-element_type=\"container\">\n\t\t\t\t\t<div class=\"e-con-inner\">\n\t\t<div class=\"elementor-element elementor-element-1b13580 e-con-full e-flex e-con e-child\" data-id=\"1b13580\" data-element_type=\"container\">\n\t\t\t\t<div class=\"elementor-element elementor-element-6f59ac0 elementor-widget elementor-widget-heading\" data-id=\"6f59ac0\" data-element_type=\"widget\" data-widget_type=\"heading.default\">\n\t\t\t\t\t<h2 class=\"elementor-heading-title elementor-size-default\">Emporter l\u2019esprit de L\u2019Antiquaire ailleurs.<\/h2>\t\t\t\t<\/div>\n\t\t\t\t<div class=\"elementor-element elementor-element-27fb329 elementor-widget elementor-widget-text-editor\" data-id=\"27fb329\" data-element_type=\"widget\" data-widget_type=\"text-editor.default\">\n\t\t\t\t\t\t\t\t\t<div dir=\"auto\">\u00a0<\/div><div dir=\"auto\">Il arrive que la f\u00eate se d\u00e9roule ailleurs.<\/div><div dir=\"auto\">Dans une maison de famille.<\/div><div dir=\"auto\">Au sein d&rsquo;un domaine.<\/div><div dir=\"auto\">Au c\u0153ur d\u2019un jardin.<\/div><div dir=\"auto\">Alors nous venons avec nos produits, notre exigence, notre mani\u00e8re de recevoir.<\/div><div dir=\"auto\">M\u00eame g\u00e9n\u00e9rosit\u00e9.<\/div><div dir=\"auto\">M\u00eame attention au d\u00e9tail.<\/div><div dir=\"auto\">M\u00eame chaleur dans l\u2019assiette.<\/div><div dir=\"auto\">Du buffet rustique chic au d\u00eener \u00e0 l\u2019assiette,<\/div><div dir=\"auto\">nous adaptons notre cuisine \u00e0 votre lieu,<\/div><div dir=\"auto\">sans jamais perdre notre \u00e2me.<\/div>\t\t\t\t\t\t\t\t<\/div>\n\t\t\t\t<\/div>\n\t\t<div class=\"elementor-element elementor-element-ee4eccc e-con-full e-flex e-con e-child\" data-id=\"ee4eccc\" data-element_type=\"container\">\n\t\t<div class=\"elementor-element elementor-element-e3a5c85 e-con-full e-flex e-con e-child\" data-id=\"e3a5c85\" data-element_type=\"container\">\n\t\t\t\t<div class=\"elementor-element elementor-element-20db31d elementor-widget elementor-widget-image\" data-id=\"20db31d\" data-element_type=\"widget\" data-widget_type=\"image.default\">\n\t\t\t\t\t\t\t\t\t\t\t\t\t\t\t<img fetchpriority=\"high\" decoding=\"async\" width=\"1024\" height=\"768\" src=\"https:\/\/lantiquaire.fr\/wp-content\/uploads\/2026\/02\/1770536835755-scaled.jpg\" class=\"attachment-large size-large wp-image-272\" alt=\"\" \/>\t\t\t\t\t\t\t\t\t\t\t\t\t\t\t<\/div>\n\t\t\t\t<\/div>\n\t\t<div class=\"elementor-element elementor-element-1e4cfc3 e-con-full e-flex e-con e-child\" data-id=\"1e4cfc3\" data-element_type=\"container\">\n\t\t\t\t<div class=\"elementor-element elementor-element-adbbea3 elementor-widget elementor-widget-image\" data-id=\"adbbea3\" data-element_type=\"widget\" data-widget_type=\"image.default\">\n\t\t\t\t\t\t\t\t\t\t\t\t\t\t\t<img decoding=\"async\" width=\"1024\" height=\"768\" src=\"https:\/\/lantiquaire.fr\/wp-content\/uploads\/2026\/02\/1770536835737-scaled.jpg\" class=\"attachment-large size-large wp-image-271\" alt=\"\" \/>\t\t\t\t\t\t\t\t\t\t\t\t\t\t\t<\/div>\n\t\t\t\t<\/div>\n\t\t\t\t<\/div>\n\t\t\t\t\t<\/div>\n\t\t\t\t<\/div>\n\t\t\t\t<\/div>\n\t\t","protected":false},"excerpt":{"rendered":"<p>Emporter l\u2019esprit de L\u2019Antiquaire ailleurs. \u00a0Il arrive que la f\u00eate se d\u00e9roule ailleurs.Dans une maison de famille.Au sein d&rsquo;un domaine.Au [&hellip;]<\/p>\n","protected":false},"author":1,"featured_media":0,"parent":0,"menu_order":0,"comment_status":"closed","ping_status":"closed","template":"","meta":{"site-sidebar-layout":"no-sidebar","site-content-layout":"","ast-site-content-layout":"full-width-container","site-content-style":"default","site-sidebar-style":"default","ast-global-header-display":"","ast-banner-title-visibility":"","ast-main-header-display":"","ast-hfb-above-header-display":"","ast-hfb-below-header-display":"","ast-hfb-mobile-header-display":"","site-post-title":"","ast-breadcrumbs-content":"","ast-featured-img":"disabled","footer-sml-layout":"","ast-disable-related-posts":"","theme-transparent-header-meta":"","adv-header-id-meta":"","stick-header-meta":"","header-above-stick-meta":"","header-main-stick-meta":"","header-below-stick-meta":"","astra-migrate-meta-layouts":"default","ast-page-background-enabled":"default","ast-page-background-meta":{"desktop":{"background-color":"var(--ast-global-color-5)","background-image":"","background-repeat":"repeat","background-position":"center center","background-size":"auto","background-attachment":"scroll","background-type":"","background-media":"","overlay-type":"","overlay-color":"","overlay-opacity":"","overlay-gradient":""},"tablet":{"background-color":"","background-image":"","background-repeat":"repeat","background-position":"center center","background-size":"auto","background-attachment":"scroll","background-type":"","background-media":"","overlay-type":"","overlay-color":"","overlay-opacity":"","overlay-gradient":""},"mobile":{"background-color":"","background-image":"","background-repeat":"repeat","background-position":"center center","background-size":"auto","background-attachment":"scroll","background-type":"","background-media":"","overlay-type":"","overlay-color":"","overlay-opacity":"","overlay-gradient":""}},"ast-content-background-meta":{"desktop":{"background-color":"var(--ast-global-color-4)","background-image":"","background-repeat":"repeat","background-position":"center center","background-size":"auto","background-attachment":"scroll","background-type":"","background-media":"","overlay-type":"","overlay-color":"","overlay-opacity":"","overlay-gradient":""},"tablet":{"background-color":"var(--ast-global-color-4)","background-image":"","background-repeat":"repeat","background-position":"center center","background-size":"auto","background-attachment":"scroll","background-type":"","background-media":"","overlay-type":"","overlay-color":"","overlay-opacity":"","overlay-gradient":""},"mobile":{"background-color":"var(--ast-global-color-4)","background-image":"","background-repeat":"repeat","background-position":"center center","background-size":"auto","background-attachment":"scroll","background-type":"","background-media":"","overlay-type":"","overlay-color":"","overlay-opacity":"","overlay-gradient":""}},"footnotes":""},"class_list":["post-722","page","type-page","status-publish","hentry"],"_links":{"self":[{"href":"https:\/\/lantiquaire.fr\/index.php\/wp-json\/wp\/v2\/pages\/722","targetHints":{"allow":["GET"]}}],"collection":[{"href":"https:\/\/lantiquaire.fr\/index.php\/wp-json\/wp\/v2\/pages"}],"about":[{"href":"https:\/\/lantiquaire.fr\/index.php\/wp-json\/wp\/v2\/types\/page"}],"author":[{"embeddable":true,"href":"https:\/\/lantiquaire.fr\/index.php\/wp-json\/wp\/v2\/users\/1"}],"replies":[{"embeddable":true,"href":"https:\/\/lantiquaire.fr\/index.php\/wp-json\/wp\/v2\/comments?post=722"}],"version-history":[{"count":8,"href":"https:\/\/lantiquaire.fr\/index.php\/wp-json\/wp\/v2\/pages\/722\/revisions"}],"predecessor-version":[{"id":955,"href":"https:\/\/lantiquaire.fr\/index.php\/wp-json\/wp\/v2\/pages\/722\/revisions\/955"}],"wp:attachment":[{"href":"https:\/\/lantiquaire.fr\/index.php\/wp-json\/wp\/v2\/media?parent=722"}],"curies":[{"name":"wp","href":"https:\/\/api.w.org\/{rel}","templated":true}]}}